{"id":374,"date":"2024-03-20T15:22:53","date_gmt":"2024-03-20T15:22:53","guid":{"rendered":"https:\/\/nsite.ateliermoskal.com\/?page_id=374"},"modified":"2024-05-27T19:32:10","modified_gmt":"2024-05-27T19:32:10","slug":"sesje-slubne-w-paryzu","status":"publish","type":"page","link":"https:\/\/ateliermoskal.com\/pl\/sesje-slubne-w-paryzu\/","title":{"rendered":"Fotografia \u015blubna"},"content":{"rendered":"\n<div class=\"wp-block-greenshift-blocks-row alignfull gspb_row gs-on-view gspb_row-id-gsbp-30df17b\" id=\"gspb_row-id-gsbp-30df17b\" data-aos=\"fade-up\" data-aos-easing=\"ease\" data-aos-duration=\"1000\" data-aos-once=\"true\"><div class=\"gspb_backgroundOverlay\"><\/div><div class=\"gspb_row__content\"> \n<div class=\"wp-block-greenshift-blocks-row-column gspb_row__col--12 gspb_col-id-gsbp-62a7613\" id=\"gspb_col-id-gsbp-62a7613\">\n<h2 id=\"gspb_heading-id-gsbp-1f97f3d\" class=\"gspb_heading gspb_heading-id-gsbp-1f97f3d \">Fotografia \u015blubna<\/h2>\n\n\n\n<h2 id=\"gspb_heading-id-gsbp-946ea64\" class=\"gspb_heading gspb_heading-id-gsbp-946ea64 \">Cennik i rezerwacja<\/h2>\n<\/div>\n <\/div><\/div>\n\n\n\n<div class=\"wp-block-greenshift-blocks-row alignfull gspb_row gspb_row-id-gsbp-d4ea145\" id=\"gspb_row-id-gsbp-d4ea145\"><div class=\"gspb_row__content\"> \n<div class=\"wp-block-greenshift-blocks-row-column gspb_row__col--12 gspb_col-id-gsbp-76683ed\" id=\"gspb_col-id-gsbp-76683ed\">\n<div id=\"gspb_text-id-gsbp-fd780e1\" class=\"gspb_text gspb_text-id-gsbp-fd780e1 \">Fotografia jest dla mnie czym\u015b wyj\u0105tkowym. To praca i pasja, kt\u00f3ra dostarcza mi wiele emocji. Lubie patrze\u0107 na ludzi, obserwowa\u0107 wydarzenia. M\u00f3j styl pracy to fotoreporta\u017c. To wasz dzie\u0144 opowiedziany moimi zdj\u0119ciami. Ekscytuj\u0105ce przygotowania, \u0142zy rado\u015bci podczas ceremonii, nastr\u00f3j przyj\u0119cia. Pracuj\u0119 dyskretnie i uwa\u017cnie. <br>Skupiam si\u0119 na najwa\u017cniejszych momentach, jednocze\u015bnie nie pomijaj\u0105c detali.<\/div>\n<\/div>\n <\/div><\/div>\n\n\n\n<div class=\"wp-block-greenshift-blocks-row gspb_row gspb_row-id-gsbp-384f2f5\" id=\"gspb_row-id-gsbp-384f2f5\"><div class=\"gspb_row__content\"> \n<div class=\"wp-block-greenshift-blocks-row-column gspb_row__col--4 gspb_col-id-gsbp-8819ca8\" id=\"gspb_col-id-gsbp-8819ca8\">\n<div class=\"wp-block-greenshift-blocks-image gspb_image gspb_image-id-gsbp-2093134\" id=\"gspb_image-id-gsbp-2093134\"><img decoding=\"async\" src=\"https:\/\/ateliermoskal.com\/wp-content\/uploads\/2024\/03\/atalier-moskal-fotografiaslubna-001.jpg\" data-src=\"\" alt=\"\" loading=\"lazy\" width=\"1800\" height=\"1800\"\/><\/div>\n\n\n\n<p id=\"gspb_heading-id-gsbp-39a55ca\" class=\"gspb_heading gspb_heading-id-gsbp-39a55ca \">Pakiet Paris<\/p>\n\n\n\n<div id=\"gspb_text-id-gsbp-02cc43e\" class=\"gspb_text gspb_text-id-gsbp-02cc43e \">Do 3 godzin fotografowania,<br>Galeria on-line,<br>200 wyedytowanych fotografii,<br>Aplikacja na urz\u0105dzenia mobilne<\/div>\n\n\n\n<p id=\"gspb_heading-id-gsbp-03c3692\" class=\"gspb_heading gspb_heading-id-gsbp-03c3692 \">600 <em>\u20ac<\/em><\/p>\n<\/div>\n\n\n\n<div class=\"wp-block-greenshift-blocks-row-column gspb_row__col--4 gspb_col-id-gsbp-7011a44\" id=\"gspb_col-id-gsbp-7011a44\">\n<div class=\"wp-block-greenshift-blocks-image gspb_image gspb_image-id-gsbp-1de0b90\" id=\"gspb_image-id-gsbp-1de0b90\"><img decoding=\"async\" src=\"https:\/\/ateliermoskal.com\/wp-content\/uploads\/2024\/03\/atalier-moskal-fotografiaslubna-003.jpg\" data-src=\"\" alt=\"\" loading=\"lazy\" width=\"1024\" height=\"1536\"\/><\/div>\n\n\n\n<p id=\"gspb_heading-id-gsbp-990ee66\" class=\"gspb_heading gspb_heading-id-gsbp-990ee66 \">Pakiet 1<\/p>\n\n\n\n<div id=\"gspb_text-id-gsbp-af304a0\" class=\"gspb_text gspb_text-id-gsbp-af304a0 \">Do 8 godzin fotografowania,<br>400 wyedytowanych fotografii,<br>Galeria on-line,<br>Aplikacja na urz\u0105dzenia mobilne<\/div>\n\n\n\n<p id=\"gspb_heading-id-gsbp-d442bd5\" class=\"gspb_heading gspb_heading-id-gsbp-d442bd5 \">1600 <em>\u20ac<\/em><\/p>\n<\/div>\n\n\n\n<div class=\"wp-block-greenshift-blocks-row-column gspb_row__col--4 gspb_col-id-gsbp-cf6f077\" id=\"gspb_col-id-gsbp-cf6f077\">\n<div class=\"wp-block-greenshift-blocks-image gspb_image gspb_image-id-gsbp-ed258b4\" id=\"gspb_image-id-gsbp-ed258b4\"><img decoding=\"async\" src=\"https:\/\/ateliermoskal.com\/wp-content\/uploads\/2024\/03\/atalier-moskal-fotografiaslubna-002.jpg\" data-src=\"\" alt=\"\" loading=\"lazy\" width=\"1252\" height=\"1251\"\/><\/div>\n\n\n\n<p id=\"gspb_heading-id-gsbp-a9b6160\" class=\"gspb_heading gspb_heading-id-gsbp-a9b6160 \">Pakiet 2<\/p>\n\n\n\n<div id=\"gspb_text-id-gsbp-5be1511\" class=\"gspb_text gspb_text-id-gsbp-5be1511 \">Reporta\u017c \u015blubny od przygotowa\u0144 do wesela (12 godzin fotografowania),<br>700 wyedytowanych fotografii,<br>galeria on-line,<br>Aplikacja na urz\u0105dzenia mobilne,<\/div>\n\n\n\n<p id=\"gspb_heading-id-gsbp-cc75c77\" class=\"gspb_heading gspb_heading-id-gsbp-cc75c77 \">2200 <em>\u20ac<\/em><\/p>\n<\/div>\n <\/div><\/div>\n\n\n\n<div class=\"wp-block-greenshift-blocks-row alignfull gspb_row gspb_row-id-gsbp-c96019e\" id=\"gspb_row-id-gsbp-c96019e\"><div class=\"gspb_row__content\"> \n<div class=\"wp-block-greenshift-blocks-row-column gspb_row__col--12 gspb_col-id-gsbp-ab7a350\" id=\"gspb_col-id-gsbp-ab7a350\">\n<div id=\"gspb_text-id-gsbp-34622c3\" class=\"gspb_text gspb_text-id-gsbp-34622c3 \">&#8211; Aby zarezerwowa\u0107 wybran\u0105 przez siebie dat\u0119, wymagane jest wniesienie zaliczki w wysoko\u015bci 30 procent.<br>&#8211; Ta zaliczka b\u0119dzie nast\u0119pnie odliczona od ca\u0142kowitego kosztu us\u0142ugi. Dodatkowo konieczne b\u0119dzie zawarcie umowy. Ca\u0142o\u015b\u0107 nale\u017cno\u015bci nale\u017cy uregulowa\u0107 na tydzie\u0144 przed planowan\u0105 ceremoni\u0105 \u015blubn\u0105.<br>&#8211; Umow\u0119 wy\u015bl\u0119 do Ciebie za pomoc\u0105 serwisu online, kt\u00f3ry umo\u017cliwia \u0142atwe i szybkie podpisanie dokumentu elektronicznie. Zaliczk\u0119 prosz\u0119 przela\u0107 na wskazane konto bankowe.<br>&#8211; Po dope\u0142nieniu tych krok\u00f3w, Twoje miejsce zostanie zarezerwowane, co pozwoli Ci spokojnie kontynuowa\u0107 przygotowania do \u015blubu.<\/div>\n<\/div>\n <\/div><\/div>\n\n\n\n<div class=\"wp-block-greenshift-blocks-row alignfull gspb_row gs-on-view gspb_row-id-gsbp-d8b7d7d\" id=\"gspb_row-id-gsbp-d8b7d7d\" data-aos=\"fade-up\" data-aos-easing=\"ease\" data-aos-duration=\"1000\" data-aos-once=\"true\"><div class=\"gspb_backgroundOverlay\"><\/div><div class=\"gspb_row__content\"> \n<div class=\"wp-block-greenshift-blocks-row-column gspb_row__col--12 gspb_col-id-gsbp-6e00172\" id=\"gspb_col-id-gsbp-6e00172\"><\/div>\n <\/div><\/div>\n","protected":false},"excerpt":{"rendered":"","protected":false},"author":4,"featured_media":63,"parent":0,"menu_order":0,"comment_status":"closed","ping_status":"closed","template":"","meta":{"_gspb_post_css":"#gspb_heading-id-gsbp-1f97f3d,#gspb_heading-id-gsbp-946ea64{font-family:ct_font_mirage,sans-serif;font-size:4rem;text-align:center!important;font-weight:300!important;color:#fff;margin:0;padding:0}#gspb_heading-id-gsbp-946ea64{font-size:2rem;margin:0 0 2%}#gspb_heading-id-gsbp-1f97f3d .gsap-g-line,#gspb_heading-id-gsbp-946ea64 .gsap-g-line{text-align:center!important}#gspb_row-id-gsbp-30df17b{justify-content:space-between;margin-top:0;margin-bottom:0;display:flex;flex-wrap:wrap;min-height:45vh;align-content:center}#gspb_row-id-gsbp-30df17b>.gspb_row__content{display:flex;justify-content:space-between;margin:0 auto;width:100%;flex-wrap:wrap;align-items:center}div[id^=gspb_col-id]{box-sizing:border-box;position:relative;padding:15px min(3vw,20px)}@media (max-width:991.98px){#gspb_row-id-gsbp-30df17b{margin-top:5%}}#gspb_row-id-gsbp-30df17b{background-size:cover;background-position:50% 52%;background-attachment:fixed;transition-duration:1s;transition-timing-function:ease;opacity:0;transition-property:opacity,transform;transform:translate3d(0,60px,0);isolation:isolate}#gspb_row-id-gsbp-30df17b.gs-active-view{background-image:url(https:\/\/ateliermoskal.com\/wp-content\/uploads\/2024\/03\/atalier-moskal-fotografiaslubna-004.jpg)}#gspb_row-id-gsbp-30df17b:hover{background-size:cover}#gspb_row-id-gsbp-30df17b>.gspb_backgroundOverlay{position:absolute;top:0;left:0;width:100%;height:100%;z-index:-1;opacity:.35;background-color:#000}#gspb_row-id-gsbp-30df17b.aos-animate,#gspb_row-id-gsbp-30df17b[data-gs-aos]{opacity:1;transform:translateZ(0)}.gspb_text-id-gsbp-fd780e1{font-family:Spectral,sans-serif;line-height:2em}.gspb_text-id-gsbp-fd780e1,.gspb_text-id-gsbp-fd780e1 .gsap-g-line{text-align:center!important}#gspb_row-id-gsbp-d4ea145{justify-content:space-between;display:flex;flex-wrap:wrap;margin-top:0;margin-bottom:0;padding:3% 10%}#gspb_row-id-gsbp-d4ea145>.gspb_row__content{display:flex;justify-content:space-between;margin:0 auto;width:100%;flex-wrap:wrap}body.gspb-bodyfront #gspb_row-id-gsbp-30df17b>.gspb_row__content,body.gspb-bodyfront #gspb_row-id-gsbp-d4ea145>.gspb_row__content{width:var(--theme-container-width, 1200px);max-width:var(--theme-normal-container-max-width, 1200px)}@media (max-width:575.98px){#gspb_row-id-gsbp-d4ea145{padding-right:0;padding-left:0}}#gspb_row-id-gsbp-d4ea145{background-color:var(--wp--preset--color--palette-color-1, var(--theme-palette-color-1, #E8E3DF))}#gspb_image-id-gsbp-2093134 img{object-fit:cover;object-position:43% 42%;vertical-align:top;display:inline-block;box-sizing:border-box;max-width:100%;height:auto;aspect-ratio:2\/3}@media (max-width:991.98px){#gspb_image-id-gsbp-2093134{padding-right:30%;padding-left:30%}}@media (max-width:575.98px){#gspb_image-id-gsbp-2093134{padding-right:5%;padding-left:5%}}@media (max-width:991.98px){#gspb_image-id-gsbp-2093134 img{aspect-ratio:2\/3}}@media (max-width:767.98px){#gspb_image-id-gsbp-2093134 img{aspect-ratio:2\/3}}@media (max-width:575.98px){#gspb_image-id-gsbp-2093134 img{aspect-ratio:2\/3}}#gspb_heading-id-gsbp-39a55ca{font-family:ct_font_mirage,sans-serif;font-size:2rem}@media (max-width:575.98px){#gspb_heading-id-gsbp-39a55ca{font-size:1.6rem}}#gspb_heading-id-gsbp-39a55ca,#gspb_heading-id-gsbp-39a55ca .gsap-g-line{text-align:center!important}#gspb_heading-id-gsbp-39a55ca{font-weight:300!important;margin:3% 0 10%;padding:0}@media (max-width:991.98px){#gspb_heading-id-gsbp-39a55ca{margin-top:2%;margin-bottom:5%}}@media (max-width:575.98px){#gspb_heading-id-gsbp-39a55ca{margin-top:5%;margin-bottom:4%}}.gspb_text-id-gsbp-02cc43e{font-family:Lato,sans-serif;margin-top:0!important;margin-bottom:0!important}.gspb_text-id-gsbp-02cc43e,.gspb_text-id-gsbp-02cc43e .gsap-g-line{text-align:center!important}#gspb_heading-id-gsbp-03c3692{font-family:Spectral,sans-serif;font-size:1rem}@media (max-width:575.98px){#gspb_heading-id-gsbp-03c3692{font-size:1.6rem}}#gspb_heading-id-gsbp-03c3692,#gspb_heading-id-gsbp-03c3692 .gsap-g-line{text-align:center!important}#gspb_heading-id-gsbp-03c3692{font-style:italic;font-weight:100!important;margin:9% 0 10%;padding:0}@media (max-width:991.98px){#gspb_heading-id-gsbp-03c3692{margin-top:5%;margin-bottom:5%}}@media (max-width:575.98px){#gspb_heading-id-gsbp-03c3692{margin-bottom:4%}}#gspb_image-id-gsbp-1de0b90 img{object-fit:cover;vertical-align:top;display:inline-block;box-sizing:border-box;max-width:100%;height:auto;aspect-ratio:2\/3}@media (max-width:991.98px){#gspb_image-id-gsbp-1de0b90{padding-right:30%;padding-left:30%}}@media (max-width:575.98px){#gspb_image-id-gsbp-1de0b90{padding-right:5%;padding-left:5%}}@media (max-width:991.98px){#gspb_image-id-gsbp-1de0b90 img{aspect-ratio:2\/3}}@media (max-width:767.98px){#gspb_image-id-gsbp-1de0b90 img{aspect-ratio:2\/3}}@media (max-width:575.98px){#gspb_image-id-gsbp-1de0b90 img{aspect-ratio:2\/3}}#gspb_heading-id-gsbp-990ee66{font-family:ct_font_mirage,sans-serif;font-size:2rem}@media (max-width:575.98px){#gspb_heading-id-gsbp-990ee66{font-size:1.6rem}}#gspb_heading-id-gsbp-990ee66,#gspb_heading-id-gsbp-990ee66 .gsap-g-line{text-align:center!important}#gspb_heading-id-gsbp-990ee66{font-weight:300!important;margin:3% 0 10%;padding:0}@media (max-width:991.98px){#gspb_heading-id-gsbp-990ee66{margin-top:2%;margin-bottom:5%}}@media (max-width:575.98px){#gspb_heading-id-gsbp-990ee66{margin-top:5%;margin-bottom:4%}}.gspb_text-id-gsbp-af304a0,.gspb_text-id-gsbp-af304a0 .gsap-g-line{text-align:center!important}#gspb_heading-id-gsbp-d442bd5{font-family:Spectral,sans-serif;font-size:1rem}@media (max-width:575.98px){#gspb_heading-id-gsbp-d442bd5{font-size:1.6rem}}#gspb_heading-id-gsbp-d442bd5,#gspb_heading-id-gsbp-d442bd5 .gsap-g-line{text-align:center!important}#gspb_heading-id-gsbp-d442bd5{font-style:italic;font-weight:100!important;margin:9% 0 10%;padding:0}@media (max-width:991.98px){#gspb_heading-id-gsbp-d442bd5{margin-top:5%;margin-bottom:5%}}@media (max-width:575.98px){#gspb_heading-id-gsbp-d442bd5{margin-bottom:4%}}#gspb_image-id-gsbp-ed258b4 img{object-fit:cover;object-position:59% 48%;vertical-align:top;display:inline-block;box-sizing:border-box;max-width:100%;height:auto;aspect-ratio:2\/3}@media (max-width:991.98px){#gspb_image-id-gsbp-ed258b4{padding-right:30%;padding-left:30%}}@media (max-width:575.98px){#gspb_image-id-gsbp-ed258b4{padding-right:5%;padding-left:5%}}@media (max-width:991.98px){#gspb_image-id-gsbp-ed258b4 img{aspect-ratio:2\/3}}@media (max-width:767.98px){#gspb_image-id-gsbp-ed258b4 img{aspect-ratio:2\/3}}@media (max-width:575.98px){#gspb_image-id-gsbp-ed258b4 img{aspect-ratio:2\/3}}#gspb_heading-id-gsbp-a9b6160{font-family:ct_font_mirage,sans-serif;font-size:2rem}@media (max-width:575.98px){#gspb_heading-id-gsbp-a9b6160{font-size:1.6rem}}#gspb_heading-id-gsbp-a9b6160,#gspb_heading-id-gsbp-a9b6160 .gsap-g-line{text-align:center!important}#gspb_heading-id-gsbp-a9b6160{font-weight:300!important;margin:3% 0 10%;padding:0}@media (max-width:991.98px){#gspb_heading-id-gsbp-a9b6160{margin-top:2%;margin-bottom:5%}}@media (max-width:575.98px){#gspb_heading-id-gsbp-a9b6160{margin-top:5%;margin-bottom:4%}}.gspb_text-id-gsbp-5be1511,.gspb_text-id-gsbp-af304a0{font-family:Lato,sans-serif;margin-top:0!important;margin-bottom:0!important}.gspb_text-id-gsbp-5be1511,.gspb_text-id-gsbp-5be1511 .gsap-g-line{text-align:center!important}#gspb_heading-id-gsbp-cc75c77{font-family:Spectral,sans-serif;font-size:1rem}@media (max-width:575.98px){#gspb_heading-id-gsbp-cc75c77{font-size:1.6rem}}#gspb_heading-id-gsbp-cc75c77,#gspb_heading-id-gsbp-cc75c77 .gsap-g-line{text-align:center!important}#gspb_heading-id-gsbp-cc75c77{font-style:italic;font-weight:100!important;margin:9% 0 10%;padding:0}@media (max-width:991.98px){#gspb_heading-id-gsbp-cc75c77{margin-top:5%;margin-bottom:5%}}@media (max-width:575.98px){#gspb_heading-id-gsbp-cc75c77{margin-bottom:4%}}#gspb_row-id-gsbp-384f2f5,#gspb_row-id-gsbp-c96019e{justify-content:space-between;display:flex;flex-wrap:wrap;margin-top:0;margin-bottom:0}#gspb_row-id-gsbp-384f2f5{padding-top:5%}#gspb_row-id-gsbp-384f2f5>.gspb_row__content,#gspb_row-id-gsbp-c96019e>.gspb_row__content,#gspb_row-id-gsbp-d8b7d7d>.gspb_row__content{display:flex;justify-content:space-between;margin:0 auto;width:100%;flex-wrap:wrap}.gspb_text-id-gsbp-34622c3{font-family:Spectral,sans-serif;line-height:2em}.gspb_text-id-gsbp-34622c3,.gspb_text-id-gsbp-34622c3 .gsap-g-line{text-align:center!important}#gspb_row-id-gsbp-c96019e{padding:2% 10%}.gspb_row{position:relative}body.gspb-bodyfront #gspb_row-id-gsbp-384f2f5>.gspb_row__content,body.gspb-bodyfront #gspb_row-id-gsbp-c96019e>.gspb_row__content,body.gspb-bodyfront #gspb_row-id-gsbp-d8b7d7d>.gspb_row__content{width:var(--theme-container-width, 1200px);max-width:var(--theme-normal-container-max-width, 1200px)}@media (max-width:575.98px){#gspb_row-id-gsbp-c96019e{padding-right:0;padding-left:0}}#gspb_row-id-gsbp-d8b7d7d{justify-content:space-between;margin-top:0;margin-bottom:0;display:flex;flex-wrap:wrap;min-height:95vh;align-content:center}#gspb_row-id-gsbp-d8b7d7d>.gspb_row__content{align-items:center}@media (max-width:991.98px){#gspb_row-id-gsbp-d8b7d7d{margin-top:5%}}#gspb_row-id-gsbp-d8b7d7d{background-size:cover;background-position:50% 52%;background-attachment:fixed;transition-duration:1s;transition-timing-function:ease;opacity:0;transition-property:opacity,transform;transform:translate3d(0,60px,0)}#gspb_row-id-gsbp-d8b7d7d.gs-active-view{background-image:url(https:\/\/ateliermoskal.com\/wp-content\/uploads\/2024\/03\/atalier-moskal-sesjawparyzu-009.jpg)}#gspb_row-id-gsbp-d8b7d7d:hover{background-size:cover}#gspb_row-id-gsbp-d8b7d7d.aos-animate,#gspb_row-id-gsbp-d8b7d7d[data-gs-aos]{opacity:1;transform:translateZ(0)}#gspb_col-id-gsbp-62a7613.gspb_row__col--12{width:100%}@media (max-width:575.98px){#gspb_col-id-gsbp-62a7613.gspb_row__col--12{width:100%}}#gspb_col-id-gsbp-76683ed.gspb_row__col--12{width:100%}@media (max-width:575.98px){#gspb_col-id-gsbp-76683ed.gspb_row__col--12{width:100%}}#gspb_col-id-gsbp-8819ca8.gspb_row__col--4{width:33.333333333333336%}@media (max-width:575.98px){#gspb_col-id-gsbp-8819ca8.gspb_row__col--4{width:100%}}@media (min-width:576px) and (max-width:991.98px){body.gspb-bodyfront #gspb_col-id-gsbp-8819ca8.gspb_row__col--4{width:calc(100% - 0px - 0px)}}#gspb_col-id-gsbp-7011a44.gspb_row__col--4{width:33.333333333333336%}@media (max-width:575.98px){#gspb_col-id-gsbp-7011a44.gspb_row__col--4{width:100%}}@media (min-width:576px) and (max-width:991.98px){body.gspb-bodyfront #gspb_col-id-gsbp-7011a44.gspb_row__col--4{width:calc(100% - 0px - 0px)}}#gspb_col-id-gsbp-cf6f077.gspb_row__col--4{width:33.333333333333336%}@media (max-width:575.98px){#gspb_col-id-gsbp-cf6f077.gspb_row__col--4{width:100%}}@media (min-width:576px) and (max-width:991.98px){body.gspb-bodyfront #gspb_col-id-gsbp-cf6f077.gspb_row__col--4{width:calc(100% - 0px - 0px)}}#gspb_col-id-gsbp-ab7a350.gspb_row__col--12{width:100%}@media (max-width:575.98px){#gspb_col-id-gsbp-ab7a350.gspb_row__col--12{width:100%}}#gspb_col-id-gsbp-6e00172.gspb_row__col--12{width:100%}@media (max-width:575.98px){#gspb_col-id-gsbp-6e00172.gspb_row__col--12{width:100%}}","pgc_sgb_lightbox_settings":"","footnotes":""},"class_list":["post-374","page","type-page","status-publish","has-post-thumbnail","hentry"],"blocksy_meta":[],"_links":{"self":[{"href":"https:\/\/ateliermoskal.com\/pl\/wp-json\/wp\/v2\/pages\/374","targetHints":{"allow":["GET"]}}],"collection":[{"href":"https:\/\/ateliermoskal.com\/pl\/wp-json\/wp\/v2\/pages"}],"about":[{"href":"https:\/\/ateliermoskal.com\/pl\/wp-json\/wp\/v2\/types\/page"}],"author":[{"embeddable":true,"href":"https:\/\/ateliermoskal.com\/pl\/wp-json\/wp\/v2\/users\/4"}],"replies":[{"embeddable":true,"href":"https:\/\/ateliermoskal.com\/pl\/wp-json\/wp\/v2\/comments?post=374"}],"version-history":[{"count":9,"href":"https:\/\/ateliermoskal.com\/pl\/wp-json\/wp\/v2\/pages\/374\/revisions"}],"predecessor-version":[{"id":9730,"href":"https:\/\/ateliermoskal.com\/pl\/wp-json\/wp\/v2\/pages\/374\/revisions\/9730"}],"wp:featuredmedia":[{"embeddable":true,"href":"https:\/\/ateliermoskal.com\/pl\/wp-json\/wp\/v2\/media\/63"}],"wp:attachment":[{"href":"https:\/\/ateliermoskal.com\/pl\/wp-json\/wp\/v2\/media?parent=374"}],"curies":[{"name":"wp","href":"https:\/\/api.w.org\/{rel}","templated":true}]}}